{"id":6,"date":"2024-04-07T17:02:35","date_gmt":"2024-04-07T15:02:35","guid":{"rendered":"http:\/\/ibaiak.fr\/?page_id=6"},"modified":"2026-04-04T08:46:04","modified_gmt":"2026-04-04T06:46:04","slug":"ibaiak","status":"publish","type":"page","link":"https:\/\/ibaiak.fr\/","title":{"rendered":"Ibaiak"},"content":{"rendered":"\t\t<div data-elementor-type=\"wp-page\" data-elementor-id=\"6\" class=\"elementor elementor-6\">\n\t\t\t\t<div class=\"elementor-element elementor-element-0fd367a e-con-full e-flex e-con e-parent\" data-id=\"0fd367a\" data-element_type=\"container\" data-e-type=\"container\" data-settings=\"{&quot;background_background&quot;:&quot;slideshow&quot;,&quot;background_slideshow_gallery&quot;:[{&quot;id&quot;:1202,&quot;url&quot;:&quot;https:\\\/\\\/ibaiak.fr\\\/wp-content\\\/uploads\\\/2025\\\/06\\\/IMG_1695-scaled.jpeg&quot;},{&quot;id&quot;:727,&quot;url&quot;:&quot;https:\\\/\\\/ibaiak.fr\\\/wp-content\\\/uploads\\\/2024\\\/07\\\/IMG_6137-scaled.jpeg&quot;},{&quot;id&quot;:688,&quot;url&quot;:&quot;https:\\\/\\\/ibaiak.fr\\\/wp-content\\\/uploads\\\/2024\\\/07\\\/Capture20dE28099eCC81cran202024-07-1420aCC802010.58.42.jpeg&quot;},{&quot;id&quot;:1197,&quot;url&quot;:&quot;https:\\\/\\\/ibaiak.fr\\\/wp-content\\\/uploads\\\/2025\\\/06\\\/IMG_7804-scaled.jpeg&quot;},{&quot;id&quot;:825,&quot;url&quot;:&quot;https:\\\/\\\/ibaiak.fr\\\/wp-content\\\/uploads\\\/2024\\\/08\\\/DSC4629.jpeg&quot;},{&quot;id&quot;:742,&quot;url&quot;:&quot;https:\\\/\\\/ibaiak.fr\\\/wp-content\\\/uploads\\\/2024\\\/07\\\/IBAIAK_7-2.jpeg&quot;},{&quot;id&quot;:1205,&quot;url&quot;:&quot;https:\\\/\\\/ibaiak.fr\\\/wp-content\\\/uploads\\\/2025\\\/06\\\/ApresLaNavlong.png&quot;},{&quot;id&quot;:835,&quot;url&quot;:&quot;https:\\\/\\\/ibaiak.fr\\\/wp-content\\\/uploads\\\/2024\\\/08\\\/DSC4631-1.jpeg&quot;},{&quot;id&quot;:713,&quot;url&quot;:&quot;https:\\\/\\\/ibaiak.fr\\\/wp-content\\\/uploads\\\/2024\\\/07\\\/Capture20dE28099eCC81cran202024-07-1420aCC802010.59.17.jpeg&quot;},{&quot;id&quot;:1211,&quot;url&quot;:&quot;https:\\\/\\\/ibaiak.fr\\\/wp-content\\\/uploads\\\/2025\\\/06\\\/DSC4684-2.jpeg&quot;},{&quot;id&quot;:830,&quot;url&quot;:&quot;https:\\\/\\\/ibaiak.fr\\\/wp-content\\\/uploads\\\/2024\\\/08\\\/DSC4653.jpeg&quot;},{&quot;id&quot;:700,&quot;url&quot;:&quot;https:\\\/\\\/ibaiak.fr\\\/wp-content\\\/uploads\\\/2024\\\/07\\\/IBAIAK_11.jpeg&quot;},{&quot;id&quot;:1200,&quot;url&quot;:&quot;https:\\\/\\\/ibaiak.fr\\\/wp-content\\\/uploads\\\/2025\\\/06\\\/IMG_7815-scaled.jpeg&quot;},{&quot;id&quot;:922,&quot;url&quot;:&quot;https:\\\/\\\/ibaiak.fr\\\/wp-content\\\/uploads\\\/2024\\\/12\\\/IMG_6244-scaled.jpeg&quot;},{&quot;id&quot;:1209,&quot;url&quot;:&quot;https:\\\/\\\/ibaiak.fr\\\/wp-content\\\/uploads\\\/2025\\\/06\\\/IMG_7874.jpeg&quot;},{&quot;id&quot;:834,&quot;url&quot;:&quot;https:\\\/\\\/ibaiak.fr\\\/wp-content\\\/uploads\\\/2024\\\/08\\\/DSC4644-1.jpeg&quot;}],&quot;background_slideshow_slide_duration&quot;:2000,&quot;background_slideshow_transition_duration&quot;:1000,&quot;background_slideshow_lazyload&quot;:&quot;yes&quot;,&quot;background_slideshow_loop&quot;:&quot;yes&quot;,&quot;background_slideshow_slide_transition&quot;:&quot;fade&quot;}\">\n\t\t\t\t<\/div>\n\t\t<div class=\"elementor-element elementor-element-3c921e8 e-flex e-con-boxed e-con e-parent\" data-id=\"3c921e8\" data-element_type=\"container\" data-e-type=\"container\">\n\t\t\t\t\t<div class=\"e-con-inner\">\n\t\t<div class=\"elementor-element elementor-element-32bab9b e-con-full e-flex e-con e-child\" data-id=\"32bab9b\" data-element_type=\"container\" data-e-type=\"container\">\n\t\t\t\t<div class=\"elementor-element elementor-element-fbcbb66 elementor-widget elementor-widget-heading\" data-id=\"fbcbb66\" data-element_type=\"widget\" data-e-type=\"widget\" data-widget_type=\"heading.default\">\n\t\t\t\t<div class=\"elementor-widget-container\">\n\t\t\t\t\t<h2 class=\"elementor-heading-title elementor-size-default\">AGENDA 2025<\/h2>\t\t\t\t<\/div>\n\t\t\t\t<\/div>\n\t\t\t\t<\/div>\n\t\t\t\t<div class=\"elementor-element elementor-element-398c1c4 elementor-widget elementor-widget-n-accordion\" data-id=\"398c1c4\" data-element_type=\"widget\" data-e-type=\"widget\" data-settings=\"{&quot;default_state&quot;:&quot;expanded&quot;,&quot;max_items_expended&quot;:&quot;one&quot;,&quot;n_accordion_animation_duration&quot;:{&quot;unit&quot;:&quot;ms&quot;,&quot;size&quot;:400,&quot;sizes&quot;:[]}}\" data-widget_type=\"nested-accordion.default\">\n\t\t\t\t<div class=\"elementor-widget-container\">\n\t\t\t\t\t\t\t<div class=\"e-n-accordion\" aria-label=\"Accordion. Open links with Enter or Space, close with Escape, and navigate with Arrow Keys\">\n\t\t\t\t\t\t<details id=\"e-n-accordion-item-6030\" class=\"e-n-accordion-item\" open>\n\t\t\t\t<summary class=\"e-n-accordion-item-title\" data-accordion-index=\"1\" tabindex=\"0\" aria-expanded=\"true\" aria-controls=\"e-n-accordion-item-6030\" >\n\t\t\t\t\t<span class='e-n-accordion-item-title-header'><div class=\"e-n-accordion-item-title-text\"> Ouverture saison 2026 <\/div><\/span>\n\t\t\t\t\t\t\t<span class='e-n-accordion-item-title-icon'>\n\t\t\t<span class='e-opened' ><svg aria-hidden=\"true\" class=\"e-font-icon-svg e-fas-minus\" viewBox=\"0 0 448 512\" xmlns=\"http:\/\/www.w3.org\/2000\/svg\"><path d=\"M416 208H32c-17.67 0-32 14.33-32 32v32c0 17.67 14.33 32 32 32h384c17.67 0 32-14.33 32-32v-32c0-17.67-14.33-32-32-32z\"><\/path><\/svg><\/span>\n\t\t\t<span class='e-closed'><svg aria-hidden=\"true\" class=\"e-font-icon-svg e-fas-plus\" viewBox=\"0 0 448 512\" xmlns=\"http:\/\/www.w3.org\/2000\/svg\"><path d=\"M416 208H272V64c0-17.67-14.33-32-32-32h-32c-17.67 0-32 14.33-32 32v144H32c-17.67 0-32 14.33-32 32v32c0 17.67 14.33 32 32 32h144v144c0 17.67 14.33 32 32 32h32c17.67 0 32-14.33 32-32V304h144c17.67 0 32-14.33 32-32v-32c0-17.67-14.33-32-32-32z\"><\/path><\/svg><\/span>\n\t\t<\/span>\n\n\t\t\t\t\t\t<\/summary>\n\t\t\t\t<div role=\"region\" aria-labelledby=\"e-n-accordion-item-6030\" class=\"elementor-element elementor-element-66f4a0a e-con-full e-flex e-con e-child\" data-id=\"66f4a0a\" data-element_type=\"container\" data-e-type=\"container\">\n\t\t<div role=\"region\" aria-labelledby=\"e-n-accordion-item-6030\" class=\"elementor-element elementor-element-1aec3ff e-con-full e-flex e-con e-child\" data-id=\"1aec3ff\" data-element_type=\"container\" data-e-type=\"container\">\n\t\t\t\t<div class=\"elementor-element elementor-element-505bf98 elementor-widget__width-initial elementor-widget elementor-widget-image\" data-id=\"505bf98\" data-element_type=\"widget\" data-e-type=\"widget\" data-widget_type=\"image.default\">\n\t\t\t\t<div class=\"elementor-widget-container\">\n\t\t\t\t\t\t\t\t\t\t\t\t\t\t\t<img fetchpriority=\"high\" decoding=\"async\" width=\"1024\" height=\"1536\" src=\"https:\/\/ibaiak.fr\/wp-content\/uploads\/2026\/02\/187002fb-b7e7-459f-a763-35e61300e6c1.png\" class=\"attachment-full size-full wp-image-1256\" alt=\"\" srcset=\"https:\/\/ibaiak.fr\/wp-content\/uploads\/2026\/02\/187002fb-b7e7-459f-a763-35e61300e6c1.png 1024w, https:\/\/ibaiak.fr\/wp-content\/uploads\/2026\/02\/187002fb-b7e7-459f-a763-35e61300e6c1-200x300.png 200w, https:\/\/ibaiak.fr\/wp-content\/uploads\/2026\/02\/187002fb-b7e7-459f-a763-35e61300e6c1-683x1024.png 683w, https:\/\/ibaiak.fr\/wp-content\/uploads\/2026\/02\/187002fb-b7e7-459f-a763-35e61300e6c1-768x1152.png 768w, https:\/\/ibaiak.fr\/wp-content\/uploads\/2026\/02\/187002fb-b7e7-459f-a763-35e61300e6c1-720x1080.png 720w\" sizes=\"(max-width: 1024px) 100vw, 1024px\" \/>\t\t\t\t\t\t\t\t\t\t\t\t\t\t\t<\/div>\n\t\t\t\t<\/div>\n\t\t\t\t<\/div>\n\t\t<div role=\"region\" aria-labelledby=\"e-n-accordion-item-6030\" class=\"elementor-element elementor-element-41137ee e-con-full e-flex e-con e-child\" data-id=\"41137ee\" data-element_type=\"container\" data-e-type=\"container\">\n\t\t<div role=\"region\" aria-labelledby=\"e-n-accordion-item-6030\" class=\"elementor-element elementor-element-a36ba78 e-con-full e-flex e-con e-child\" data-id=\"a36ba78\" data-element_type=\"container\" data-e-type=\"container\">\n\t\t\t\t<div class=\"elementor-element elementor-element-166007b elementor-widget elementor-widget-heading\" data-id=\"166007b\" data-element_type=\"widget\" data-e-type=\"widget\" data-widget_type=\"heading.default\">\n\t\t\t\t<div class=\"elementor-widget-container\">\n\t\t\t\t\t<h1 class=\"elementor-heading-title elementor-size-default\">4 Avril 2025 au Lac de sames 14h00<\/h1>\t\t\t\t<\/div>\n\t\t\t\t<\/div>\n\t\t\t\t<\/div>\n\t\t\t\t<div class=\"elementor-element elementor-element-10f5737 elementor-widget elementor-widget-heading\" data-id=\"10f5737\" data-element_type=\"widget\" data-e-type=\"widget\" data-widget_type=\"heading.default\">\n\t\t\t\t<div class=\"elementor-widget-container\">\n\t\t\t\t\t<h2 class=\"elementor-heading-title elementor-size-default\">Inscription \u00e9cole de voile printemps<br><br><br>\u00e0 partir de 14 heures au lac de Sames<br><br><br><br>Optimist - Laser Pico - Planche \u00e0 voile - stand Up Paddle<\/h2>\t\t\t\t<\/div>\n\t\t\t\t<\/div>\n\t\t\t\t<\/div>\n\t\t\t\t<\/div>\n\t\t\t\t\t<\/details>\n\t\t\t\t\t\t<details id=\"e-n-accordion-item-6031\" class=\"e-n-accordion-item\" >\n\t\t\t\t<summary class=\"e-n-accordion-item-title\" data-accordion-index=\"2\" tabindex=\"-1\" aria-expanded=\"false\" aria-controls=\"e-n-accordion-item-6031\" >\n\t\t\t\t\t<span class='e-n-accordion-item-title-header'><div class=\"e-n-accordion-item-title-text\"> Rentre\u00e9e des associations <\/div><\/span>\n\t\t\t\t\t\t\t<span class='e-n-accordion-item-title-icon'>\n\t\t\t<span class='e-opened' ><svg aria-hidden=\"true\" class=\"e-font-icon-svg e-fas-minus\" viewBox=\"0 0 448 512\" xmlns=\"http:\/\/www.w3.org\/2000\/svg\"><path d=\"M416 208H32c-17.67 0-32 14.33-32 32v32c0 17.67 14.33 32 32 32h384c17.67 0 32-14.33 32-32v-32c0-17.67-14.33-32-32-32z\"><\/path><\/svg><\/span>\n\t\t\t<span class='e-closed'><svg aria-hidden=\"true\" class=\"e-font-icon-svg e-fas-plus\" viewBox=\"0 0 448 512\" xmlns=\"http:\/\/www.w3.org\/2000\/svg\"><path d=\"M416 208H272V64c0-17.67-14.33-32-32-32h-32c-17.67 0-32 14.33-32 32v144H32c-17.67 0-32 14.33-32 32v32c0 17.67 14.33 32 32 32h144v144c0 17.67 14.33 32 32 32h32c17.67 0 32-14.33 32-32V304h144c17.67 0 32-14.33 32-32v-32c0-17.67-14.33-32-32-32z\"><\/path><\/svg><\/span>\n\t\t<\/span>\n\n\t\t\t\t\t\t<\/summary>\n\t\t\t\t<div role=\"region\" aria-labelledby=\"e-n-accordion-item-6031\" class=\"elementor-element elementor-element-b097341 e-con-full e-flex e-con e-child\" data-id=\"b097341\" data-element_type=\"container\" data-e-type=\"container\">\n\t\t<div role=\"region\" aria-labelledby=\"e-n-accordion-item-6031\" class=\"elementor-element elementor-element-6383971 e-con-full e-flex e-con e-child\" data-id=\"6383971\" data-element_type=\"container\" data-e-type=\"container\">\n\t\t\t\t<div class=\"elementor-element elementor-element-a8e17a1 elementor-widget__width-initial elementor-widget elementor-widget-image\" data-id=\"a8e17a1\" data-element_type=\"widget\" data-e-type=\"widget\" data-widget_type=\"image.default\">\n\t\t\t\t<div class=\"elementor-widget-container\">\n\t\t\t\t\t\t\t\t\t\t\t\t\t\t\t<img decoding=\"async\" width=\"576\" height=\"1024\" src=\"https:\/\/ibaiak.fr\/wp-content\/uploads\/2025\/06\/IMG_1728-576x1024.jpg\" class=\"attachment-large size-large wp-image-1193\" alt=\"Planche a voile \u00e0 Sames\" srcset=\"https:\/\/ibaiak.fr\/wp-content\/uploads\/2025\/06\/IMG_1728-576x1024.jpg 576w, https:\/\/ibaiak.fr\/wp-content\/uploads\/2025\/06\/IMG_1728-169x300.jpg 169w, https:\/\/ibaiak.fr\/wp-content\/uploads\/2025\/06\/IMG_1728-768x1365.jpg 768w, https:\/\/ibaiak.fr\/wp-content\/uploads\/2025\/06\/IMG_1728-864x1536.jpg 864w, https:\/\/ibaiak.fr\/wp-content\/uploads\/2025\/06\/IMG_1728-608x1080.jpg 608w, https:\/\/ibaiak.fr\/wp-content\/uploads\/2025\/06\/IMG_1728.jpg 1080w\" sizes=\"(max-width: 576px) 100vw, 576px\" \/>\t\t\t\t\t\t\t\t\t\t\t\t\t\t\t<\/div>\n\t\t\t\t<\/div>\n\t\t\t\t<\/div>\n\t\t<div role=\"region\" aria-labelledby=\"e-n-accordion-item-6031\" class=\"elementor-element elementor-element-d220a9e e-con-full e-flex e-con e-child\" data-id=\"d220a9e\" data-element_type=\"container\" data-e-type=\"container\">\n\t\t<div role=\"region\" aria-labelledby=\"e-n-accordion-item-6031\" class=\"elementor-element elementor-element-24a3c59 e-con-full e-flex e-con e-child\" data-id=\"24a3c59\" data-element_type=\"container\" data-e-type=\"container\">\n\t\t\t\t<div class=\"elementor-element elementor-element-64b51cf elementor-widget elementor-widget-heading\" data-id=\"64b51cf\" data-element_type=\"widget\" data-e-type=\"widget\" data-widget_type=\"heading.default\">\n\t\t\t\t<div class=\"elementor-widget-container\">\n\t\t\t\t\t<h1 class=\"elementor-heading-title elementor-size-default\">6 septembre 2025 \u00e0 Bidache 9h00 - 13h00<\/h1>\t\t\t\t<\/div>\n\t\t\t\t<\/div>\n\t\t\t\t<\/div>\n\t\t\t\t<div class=\"elementor-element elementor-element-2fc3599 elementor-widget elementor-widget-heading\" data-id=\"2fc3599\" data-element_type=\"widget\" data-e-type=\"widget\" data-widget_type=\"heading.default\">\n\t\t\t\t<div class=\"elementor-widget-container\">\n\t\t\t\t\t<h2 class=\"elementor-heading-title elementor-size-default\">Inscription \u00e9cole de voile automne<br><br>de 9h00 \u00e0 13 heures sur bidache<br><br>\u00e0 partir de 15 heures au lac de sames<br><br><br><br>Optimist - Laser Pico - Planche \u00e0 voile - stand Up Paddle<\/h2>\t\t\t\t<\/div>\n\t\t\t\t<\/div>\n\t\t\t\t<\/div>\n\t\t\t\t<\/div>\n\t\t\t\t\t<\/details>\n\t\t\t\t\t<\/div>\n\t\t\t\t\t\t<\/div>\n\t\t\t\t<\/div>\n\t\t\t\t<div class=\"elementor-element elementor-element-0bc913f elementor-widget elementor-widget-image\" data-id=\"0bc913f\" data-element_type=\"widget\" data-e-type=\"widget\" data-widget_type=\"image.default\">\n\t\t\t\t<div class=\"elementor-widget-container\">\n\t\t\t\t\t\t\t\t\t\t\t\t\t\t\t<img decoding=\"async\" width=\"150\" height=\"150\" src=\"https:\/\/ibaiak.fr\/wp-content\/uploads\/2024\/04\/FFVoile-150x150.jpg\" class=\"attachment-thumbnail size-thumbnail wp-image-208\" alt=\"\" \/>\t\t\t\t\t\t\t\t\t\t\t\t\t\t\t<\/div>\n\t\t\t\t<\/div>\n\t\t<div class=\"elementor-element elementor-element-e92e5d4 e-con-full e-flex e-con e-child\" data-id=\"e92e5d4\" data-element_type=\"container\" data-e-type=\"container\">\n\t\t\t\t<div class=\"elementor-element elementor-element-e53f48f elementor-align-center elementor-widget elementor-widget-button\" data-id=\"e53f48f\" data-element_type=\"widget\" data-e-type=\"widget\" data-widget_type=\"button.default\">\n\t\t\t\t<div class=\"elementor-widget-container\">\n\t\t\t\t\t\t\t\t\t<div class=\"elementor-button-wrapper\">\n\t\t\t\t\t<a class=\"elementor-button elementor-button-link elementor-size-sm\" href=\"https:\/\/ibaiak.fr\/index.php\/reservation\/\">\n\t\t\t\t\t\t<span class=\"elementor-button-content-wrapper\">\n\t\t\t\t\t\t\t\t\t<span class=\"elementor-button-text\">R\u00e9servation ici<\/span>\n\t\t\t\t\t<\/span>\n\t\t\t\t\t<\/a>\n\t\t\t\t<\/div>\n\t\t\t\t\t\t\t\t<\/div>\n\t\t\t\t<\/div>\n\t\t\t\t<\/div>\n\t\t\t\t\t<\/div>\n\t\t\t\t<\/div>\n\t\t<div class=\"elementor-element elementor-element-37947d1 e-flex e-con-boxed e-con e-parent\" data-id=\"37947d1\" data-element_type=\"container\" data-e-type=\"container\">\n\t\t\t\t\t<div class=\"e-con-inner\">\n\t\t\t\t\t<\/div>\n\t\t\t\t<\/div>\n\t\t\t\t<\/div>\n\t\t","protected":false},"excerpt":{"rendered":"<p>AGENDA 2025 Ouverture saison 2026 4 Avril 2025 au Lac de sames 14h00 Inscription \u00e9cole de voile printemps \u00e0 partir de 14 heures au lac de Sames Optimist &#8211; Laser Pico &#8211; Planche \u00e0 voile &#8211; stand Up Paddle Rentre\u00e9e des associations 6 septembre 2025 \u00e0 Bidache 9h00 &#8211; 13h00 Inscription \u00e9cole de voile automne [&hellip;]<\/p>\n","protected":false},"author":1,"featured_media":0,"parent":0,"menu_order":0,"comment_status":"closed","ping_status":"closed","template":"","meta":{"saved_in_kubio":false,"_monsterinsights_skip_tracking":false,"_monsterinsights_sitenote_active":false,"_monsterinsights_sitenote_note":"","_monsterinsights_sitenote_category":0,"ocean_post_layout":"","ocean_both_sidebars_style":"","ocean_both_sidebars_content_width":0,"ocean_both_sidebars_sidebars_width":0,"ocean_sidebar":"","ocean_second_sidebar":"","ocean_disable_margins":"enable","ocean_add_body_class":"","ocean_shortcode_before_top_bar":"","ocean_shortcode_after_top_bar":"","ocean_shortcode_before_header":"","ocean_shortcode_after_header":"","ocean_has_shortcode":"","ocean_shortcode_after_title":"","ocean_shortcode_before_footer_widgets":"","ocean_shortcode_after_footer_widgets":"","ocean_shortcode_before_footer_bottom":"","ocean_shortcode_after_footer_bottom":"","ocean_display_top_bar":"default","ocean_display_header":"default","ocean_header_style":"","ocean_center_header_left_menu":"","ocean_custom_header_template":"","ocean_custom_logo":0,"ocean_custom_retina_logo":0,"ocean_custom_logo_max_width":0,"ocean_custom_logo_tablet_max_width":0,"ocean_custom_logo_mobile_max_width":0,"ocean_custom_logo_max_height":0,"ocean_custom_logo_tablet_max_height":0,"ocean_custom_logo_mobile_max_height":0,"ocean_header_custom_menu":"","ocean_menu_typo_font_family":"","ocean_menu_typo_font_subset":"","ocean_menu_typo_font_size":0,"ocean_menu_typo_font_size_tablet":0,"ocean_menu_typo_font_size_mobile":0,"ocean_menu_typo_font_size_unit":"px","ocean_menu_typo_font_weight":"","ocean_menu_typo_font_weight_tablet":"","ocean_menu_typo_font_weight_mobile":"","ocean_menu_typo_transform":"","ocean_menu_typo_transform_tablet":"","ocean_menu_typo_transform_mobile":"","ocean_menu_typo_line_height":0,"ocean_menu_typo_line_height_tablet":0,"ocean_menu_typo_line_height_mobile":0,"ocean_menu_typo_line_height_unit":"","ocean_menu_typo_spacing":0,"ocean_menu_typo_spacing_tablet":0,"ocean_menu_typo_spacing_mobile":0,"ocean_menu_typo_spacing_unit":"","ocean_menu_link_color":"","ocean_menu_link_color_hover":"","ocean_menu_link_color_active":"","ocean_menu_link_background":"","ocean_menu_link_hover_background":"","ocean_menu_link_active_background":"","ocean_menu_social_links_bg":"","ocean_menu_social_hover_links_bg":"","ocean_menu_social_links_color":"","ocean_menu_social_hover_links_color":"","ocean_disable_title":"default","ocean_disable_heading":"default","ocean_post_title":"","ocean_post_subheading":"","ocean_post_title_style":"","ocean_post_title_background_color":"","ocean_post_title_background":0,"ocean_post_title_bg_image_position":"","ocean_post_title_bg_image_attachment":"","ocean_post_title_bg_image_repeat":"","ocean_post_title_bg_image_size":"","ocean_post_title_height":0,"ocean_post_title_bg_overlay":0.5,"ocean_post_title_bg_overlay_color":"","ocean_disable_breadcrumbs":"default","ocean_breadcrumbs_color":"","ocean_breadcrumbs_separator_color":"","ocean_breadcrumbs_links_color":"","ocean_breadcrumbs_links_hover_color":"","ocean_display_footer_widgets":"default","ocean_display_footer_bottom":"default","ocean_custom_footer_template":"","footnotes":""},"class_list":["post-6","page","type-page","status-publish","hentry","entry"],"kubio_ai_page_context":{"short_desc":"","purpose":"general"},"_links":{"self":[{"href":"https:\/\/ibaiak.fr\/index.php\/wp-json\/wp\/v2\/pages\/6","targetHints":{"allow":["GET"]}}],"collection":[{"href":"https:\/\/ibaiak.fr\/index.php\/wp-json\/wp\/v2\/pages"}],"about":[{"href":"https:\/\/ibaiak.fr\/index.php\/wp-json\/wp\/v2\/types\/page"}],"author":[{"embeddable":true,"href":"https:\/\/ibaiak.fr\/index.php\/wp-json\/wp\/v2\/users\/1"}],"replies":[{"embeddable":true,"href":"https:\/\/ibaiak.fr\/index.php\/wp-json\/wp\/v2\/comments?post=6"}],"version-history":[{"count":211,"href":"https:\/\/ibaiak.fr\/index.php\/wp-json\/wp\/v2\/pages\/6\/revisions"}],"predecessor-version":[{"id":1277,"href":"https:\/\/ibaiak.fr\/index.php\/wp-json\/wp\/v2\/pages\/6\/revisions\/1277"}],"wp:attachment":[{"href":"https:\/\/ibaiak.fr\/index.php\/wp-json\/wp\/v2\/media?parent=6"}],"curies":[{"name":"wp","href":"https:\/\/api.w.org\/{rel}","templated":true}]}}